{"id":28,"date":"2023-12-18T14:35:13","date_gmt":"2023-12-18T13:35:13","guid":{"rendered":"https:\/\/membertel.com\/de\/?post_type=product&#038;p=28"},"modified":"2026-04-20T02:40:22","modified_gmt":"2026-04-20T00:40:22","slug":"telegram-mitglieder-kaufen","status":"publish","type":"product","link":"https:\/\/membertel.com\/de\/produkt\/telegram-mitglieder-kaufen\/","title":{"rendered":"Telegram Mitglieder kaufen"},"content":{"rendered":"\n<p>In diesem Fall Lassen Sie uns \u00fcber den Telegram Falsche Mitglieder kaufen sprechen. Telegram unechte Mitglieder, Telegram Scheinmitglieder.<\/p>\n\n\n\n<p>Wenn Sie mehr Telegram Mitglieder in Ihren Kanal aufnehmen und mehr Mitglieder anziehen m\u00f6chten, k\u00f6nnten Sie die Telegram Mitglieder kaufen. Die Erh\u00f6hung der Mitgliederzahl in Ihrer Gruppe oder Ihrem Kanal macht sie nicht nur attraktiver f\u00fcr potenzielle neue Mitglieder, sondern hilft ihr auch, an Glaubw\u00fcrdigkeit und Sichtbarkeit zu gewinnen. In diesem Fall werden wir die Vorteile des Kaufs von Telegram Mitgliedern untersuchen und wie es das Wachstum und Engagement Ihres Kanals und Ihrer Gruppe verbessern kann.<\/p>\n\n\n\n<div id=\"ez-toc-container\" class=\"ez-toc-v2_0_82_2 counter-hierarchy ez-toc-counter ez-toc-transparent ez-toc-container-direction\">\n<div class=\"ez-toc-title-container\">\n<span class=\"ez-toc-title-toggle\"><\/span><\/div>\n<nav><ul class='ez-toc-list ez-toc-list-level-1 ' ><li class='ez-toc-page-1 ez-toc-heading-level-2'><a class=\"ez-toc-link ez-toc-heading-1\" href=\"https:\/\/membertel.com\/de\/produkt\/telegram-mitglieder-kaufen\/#Warum_Telegram_Mitglieder_kaufen\" >Warum Telegram Mitglieder kaufen?<\/a><ul class='ez-toc-list-level-3' ><li class='ez-toc-heading-level-3'><a class=\"ez-toc-link ez-toc-heading-2\" href=\"https:\/\/membertel.com\/de\/produkt\/telegram-mitglieder-kaufen\/#Erhoehte_Attraktivitaet_und_Glaubwuerdigkeit\" >Erh\u00f6hte Attraktivit\u00e4t und Glaubw\u00fcrdigkeit<\/a><\/li><li class='ez-toc-page-1 ez-toc-heading-level-3'><a class=\"ez-toc-link ez-toc-heading-3\" href=\"https:\/\/membertel.com\/de\/produkt\/telegram-mitglieder-kaufen\/#Sparen_Sie_Zeit_durch_Telegram_Mitglieder_kaufen\" >Sparen Sie Zeit durch: Telegram Mitglieder kaufen<\/a><\/li><li class='ez-toc-page-1 ez-toc-heading-level-3'><a class=\"ez-toc-link ez-toc-heading-4\" href=\"https:\/\/membertel.com\/de\/produkt\/telegram-mitglieder-kaufen\/#Gefaelschte_Telegram_Mitglieder_kaufen_und_erhalten_Sie_besseres_Engagement\" >Gef\u00e4lschte Telegram Mitglieder kaufen und erhalten Sie besseres Engagement<\/a><\/li><li class='ez-toc-page-1 ez-toc-heading-level-3'><a class=\"ez-toc-link ez-toc-heading-5\" href=\"https:\/\/membertel.com\/de\/produkt\/telegram-mitglieder-kaufen\/#Kaufen_Sie_Telegram_Kanal_Mitglieder_und_machen_Sie_Ihren_Kanal_durch_die_Suche_auffindbar\" >Kaufen Sie Telegram Kanal Mitglieder und machen Sie Ihren Kanal durch die Suche auffindbar<\/a><\/li><\/ul><\/li><li class='ez-toc-page-1 ez-toc-heading-level-2'><a class=\"ez-toc-link ez-toc-heading-6\" href=\"https:\/\/membertel.com\/de\/produkt\/telegram-mitglieder-kaufen\/#Telegram_Mitglieder_kaufen_Wie_funktioniert\" >Telegram Mitglieder kaufen: Wie funktioniert<\/a><\/li><li class='ez-toc-page-1 ez-toc-heading-level-2'><a class=\"ez-toc-link ez-toc-heading-7\" href=\"https:\/\/membertel.com\/de\/produkt\/telegram-mitglieder-kaufen\/#Ist_es_sicher_Telegram_Mitglieder_zu_kaufen\" >Ist es sicher, Telegram Mitglieder zu kaufen?<\/a><\/li><li class='ez-toc-page-1 ez-toc-heading-level-2'><a class=\"ez-toc-link ez-toc-heading-8\" href=\"https:\/\/membertel.com\/de\/produkt\/telegram-mitglieder-kaufen\/#Fazit\" >Fazit<\/a><\/li><\/ul><\/nav><\/div>\n<h2 class=\"wp-block-heading\"><span class=\"ez-toc-section\" id=\"Warum_Telegram_Mitglieder_kaufen\"><\/span>Warum Telegram Mitglieder kaufen?<span class=\"ez-toc-section-end\"><\/span><\/h2>\n\n\n\n<p>Der Kauf von Telegram-Mitgliedern bietet mehrere Vorteile f\u00fcr Ihre Gruppe und Ihren Kanal. Hier sind ein paar wichtige Gr\u00fcnde, warum der Kauf von Telegram-Mitgliedern von Vorteil sein kann und warum m\u00fcssen Sie Telegram Falsche Mitglieder kaufen:<\/p>\n\n\n\n<h3 class=\"wp-block-heading\"><span class=\"ez-toc-section\" id=\"Erhoehte_Attraktivitaet_und_Glaubwuerdigkeit\"><\/span>Erh\u00f6hte Attraktivit\u00e4t und Glaubw\u00fcrdigkeit<span class=\"ez-toc-section-end\"><\/span><\/h3>\n\n\n\n<p>Eine Telegram-Gruppe mit einer hohen Anzahl von Mitgliedern wirkt auf potenzielle neue Mitglieder attraktiver und glaubw\u00fcrdiger. Wenn Menschen auf eine Gruppe mit einer betr\u00e4chtlichen Mitgliederzahl sto\u00dfen, ist es wahrscheinlicher, dass sie ihr beitreten und sich in der Community engagieren. Der Kauf von Telegram-Mitgliedern hilft Ihnen, den Eindruck einer aktiven und beliebten Gruppe zu erwecken, was sie f\u00fcr andere attraktiver macht.<\/p>\n\n\n\n<h3 class=\"wp-block-heading\"><span class=\"ez-toc-section\" id=\"Sparen_Sie_Zeit_durch_Telegram_Mitglieder_kaufen\"><\/span>Sparen Sie Zeit durch: Telegram Mitglieder kaufen<span class=\"ez-toc-section-end\"><\/span><\/h3>\n\n\n\n<p>Die Anzahl der Mitglieder in Ihrer Telegram-Gruppe durch organische Mittel zu erh\u00f6hen, kann ein langsamer und schwieriger Prozess sein. Der Kauf von Telegram-Mitgliedern bietet eine Abk\u00fcrzung, um das Wachstum Ihrer Gruppe zu beschleunigen. Mit einer gr\u00f6\u00dferen Mitgliederbasis ist es wahrscheinlicher, dass Ihre Gruppe organische Mitglieder anzieht, da Menschen dazu neigen, Gruppen beizutreten, die bereits beliebt und aktiv sind.<\/p>\n\n\n\n<h3 class=\"wp-block-heading\"><span class=\"ez-toc-section\" id=\"Gefaelschte_Telegram_Mitglieder_kaufen_und_erhalten_Sie_besseres_Engagement\"><\/span>Gef\u00e4lschte Telegram Mitglieder kaufen und erhalten Sie besseres Engagement<span class=\"ez-toc-section-end\"><\/span><\/h3>\n\n\n\n<p>Eine Gruppe mit einer gro\u00dfen Anzahl von gef\u00e4lschten Telegram Mitgliedern hat in der Regel ein h\u00f6heres Engagement und Interaktionsniveau. Wenn Sie gef\u00e4lschte Telegram Mitglieder kaufen, erh\u00f6hen Sie nicht nur die Quantit\u00e4t, sondern auch die Qualit\u00e4t des Engagements innerhalb Ihrer Gruppe. Aktive Mitglieder nehmen mit gr\u00f6\u00dferer Wahrscheinlichkeit an Diskussionen teil, teilen wertvolle Inhalte und tragen zum Gesamterlebnis der Community bei.<\/p>\n\n\n\n<h3 class=\"wp-block-heading\"><span class=\"ez-toc-section\" id=\"Kaufen_Sie_Telegram_Kanal_Mitglieder_und_machen_Sie_Ihren_Kanal_durch_die_Suche_auffindbar\"><\/span>Kaufen Sie Telegram Kanal Mitglieder und machen Sie Ihren Kanal durch die Suche auffindbar<span class=\"ez-toc-section-end\"><\/span><\/h3>\n\n\n\n<p>Wenn du Telegram Kanalmitglieder kaufst, hast du mehr Chancen, dass dein Kanal in den Telegram-Suchergebnissen entdeckt wird. Eine gut bev\u00f6lkerte Telegram Gruppe oder Telegram Kanal hat eine bessere Sichtbarkeit und Pr\u00e4senz innerhalb der Telegram-Community. Je mehr Mitglieder Ihre Gruppe hat, desto besser wird sie \u00fcber die Suche und Empfehlungen gefunden. Diese erh\u00f6hte Sichtbarkeit kann zu einem h\u00f6heren Zustrom neuer Mitglieder f\u00fchren, was das Wachstum und den Erfolg Ihrer Gruppe weiter steigert.<\/p>\n\n\n\n<h2 class=\"wp-block-heading\"><span class=\"ez-toc-section\" id=\"Telegram_Mitglieder_kaufen_Wie_funktioniert\"><\/span>Telegram Mitglieder kaufen: Wie funktioniert<span class=\"ez-toc-section-end\"><\/span><\/h2>\n\n\n\n<p>Der Kauf von Telegram Mitgliedern ist ein unkomplizierter Prozess, der in wenigen einfachen Schritten abgeschlossen werden kann:<\/p>\n\n\n\n<ol class=\"wp-block-list\">\n<li>W\u00e4hlen Sie einen seri\u00f6sen Dienstanbieter: Suchen Sie nach einem zuverl\u00e4ssigen und vertrauensw\u00fcrdigen Dienstleister, der sich auf die Vermittlung von Telegram-Mitgliedern spezialisiert hat.<\/li>\n\n\n\n<li>W\u00e4hlen Sie die gew\u00fcnschte Anzahl von Mitgliedern: Entscheiden Sie, wie viele Mitglieder Sie zu Ihrer Gruppe hinzuf\u00fcgen m\u00f6chten. Service-Provider bieten in der Regel verschiedene Pakete an, aus denen Sie w\u00e4hlen k\u00f6nnen.<\/li>\n\n\n\n<li>Geben Sie die URL Ihres Kanals oder Ihrer Gruppe an: Teilen Sie dem Dienstanbieter die URL Ihres Kanals oder Ihrer Gruppe mit, damit er die Mitglieder an die richtige Gruppe weiterleiten kann.<\/li>\n\n\n\n<li>Schlie\u00dfen Sie den Kauf ab: Fahren Sie mit dem Zahlungsvorgang fort und schlie\u00dfen Sie den Kauf ab.<\/li>\n\n\n\n<li>Genie\u00dfen Sie die Vorteile: Sobald die Zahlung abgewickelt ist, werden Sie sehen, wie die neuen Mitglieder Ihrer Telegram-Gruppe beitreten. Lehnen Sie sich zur\u00fcck und beobachten Sie, wie die Popularit\u00e4t Ihrer Gruppe w\u00e4chst!<\/li>\n<\/ol>\n\n\n\n<p>Bitte beachten Sie, dass Sie f\u00fcr den Kauf von Telegram Mitgliedern keinen Zugang zum Dienstanbieter genehmigen m\u00fcssen. Das Einzige, was Sie genehmigen m\u00fcssen, ist.<\/p>\n\n\n\n<h2 class=\"wp-block-heading\"><span class=\"ez-toc-section\" id=\"Ist_es_sicher_Telegram_Mitglieder_zu_kaufen\"><\/span>Ist es sicher, Telegram Mitglieder zu kaufen?<span class=\"ez-toc-section-end\"><\/span><\/h2>\n\n\n\n<p>Es ist wichtig, dass Sie sicherstellen, dass Ihre Handlungen mit den Gesch\u00e4ftsbedingungen von Telegram \u00fcbereinstimmen. Obwohl der Kauf von Telegram-Mitgliedern im Allgemeinen als legal angesehen wird, ist es wichtig, die Richtlinien und Grunds\u00e4tze der Plattform zu verstehen. Als Nutzer sind Sie daf\u00fcr verantwortlich, die Dienste von Drittanbietern in einer Weise zu nutzen, die mit den Regeln von Telegram \u00fcbereinstimmt.<\/p>\n\n\n\n<h2 class=\"wp-block-heading\"><span class=\"ez-toc-section\" id=\"Fazit\"><\/span>Fazit<span class=\"ez-toc-section-end\"><\/span><\/h2>\n\n\n\n<p>Zusammenfassend l\u00e4sst sich sagen, dass der Kauf von Telegram-Mitgliedern zahlreiche Vorteile f\u00fcr das Wachstum, das Engagement und die Sichtbarkeit Ihrer Gruppe bietet. Indem Sie die Anzahl der Mitglieder erh\u00f6hen, k\u00f6nnen Sie die Attraktivit\u00e4t und Glaubw\u00fcrdigkeit Ihrer Gruppe oder Ihres Kanals steigern, ihr Wachstum beschleunigen und eine lebendige Community aufbauen. W\u00e4hlen Sie beim Kauf von Telegram-Mitgliedern immer seri\u00f6se Dienstleister und achten Sie auf die Einhaltung der Telegram-Richtlinien. Mit der richtigen Herangehensweise kann der Kauf von Telegram-Mitgliedern ein m\u00e4chtiges Werkzeug sein, um die Pr\u00e4senz Ihres Kanals und Ihrer Gruppe zu st\u00e4rken und Ihre Ziele zu erreichen.<\/p>\n","protected":false},"excerpt":{"rendered":"<p>In diesem Fall Lassen Sie uns \u00fcber den Telegram Falsche Mitglieder kaufen sprechen.<\/p>\n","protected":false},"featured_media":60,"comment_status":"open","ping_status":"closed","template":"","meta":[],"product_brand":[],"product_cat":[20],"product_tag":[],"class_list":{"0":"post-28","1":"product","2":"type-product","3":"status-publish","4":"has-post-thumbnail","6":"product_cat-telegram","7":"wcpa_has_options","9":"first","10":"instock","11":"shipping-taxable","12":"purchasable","13":"product-type-variable","14":"has-default-attributes"},"yoast_head":"<!-- This site is optimized with the Yoast SEO plugin v27.4 - https:\/\/yoast.com\/product\/yoast-seo-wordpress\/ -->\n<title>Telegram Mitglieder kaufen - MemberTel.com<\/title>\n<meta name=\"description\" content=\"In diesem Fall Lassen Sie uns \u00fcber den Telegram Falsche Mitglieder kaufen sprechen. Telegram unechte Mitglieder, Telegram Scheinmitglieder.\" \/>\n<meta name=\"robots\" content=\"index, follow, max-snippet:-1, max-image-preview:large, max-video-preview:-1\" \/>\n<link rel=\"canonical\" href=\"https:\/\/membertel.com\/de\/produkt\/telegram-mitglieder-kaufen\/\" \/>\n<meta property=\"og:locale\" content=\"de_DE\" \/>\n<meta property=\"og:type\" content=\"article\" \/>\n<meta property=\"og:title\" content=\"Telegram Mitglieder kaufen - MemberTel.com\" \/>\n<meta property=\"og:description\" content=\"In diesem Fall Lassen Sie uns \u00fcber den Telegram Falsche Mitglieder kaufen sprechen. Telegram unechte Mitglieder, Telegram Scheinmitglieder.\" \/>\n<meta property=\"og:url\" content=\"https:\/\/membertel.com\/de\/produkt\/telegram-mitglieder-kaufen\/\" \/>\n<meta property=\"og:site_name\" content=\"MemberTel\" \/>\n<meta property=\"article:publisher\" content=\"https:\/\/www.facebook.com\/membertel\" \/>\n<meta property=\"article:modified_time\" content=\"2026-04-20T00:40:22+00:00\" \/>\n<meta property=\"og:image\" content=\"https:\/\/membertel.com\/de\/wp-content\/uploads\/2023\/12\/buytelegramchannelsubscribers.webp\" \/>\n\t<meta property=\"og:image:width\" content=\"701\" \/>\n\t<meta property=\"og:image:height\" content=\"701\" \/>\n\t<meta property=\"og:image:type\" content=\"image\/webp\" \/>\n<meta name=\"twitter:card\" content=\"summary_large_image\" \/>\n<meta name=\"twitter:label1\" content=\"Gesch\u00e4tzte Lesezeit\" \/>\n\t<meta name=\"twitter:data1\" content=\"5\u00a0Minuten\" \/>\n<script type=\"application\/ld+json\" class=\"yoast-schema-graph\">{\"@context\":\"https:\\\/\\\/schema.org\",\"@graph\":[{\"@type\":\"WebPage\",\"@id\":\"https:\\\/\\\/membertel.com\\\/de\\\/produkt\\\/telegram-mitglieder-kaufen\\\/\",\"url\":\"https:\\\/\\\/membertel.com\\\/de\\\/produkt\\\/telegram-mitglieder-kaufen\\\/\",\"name\":\"Telegram Mitglieder kaufen - MemberTel.com\",\"isPartOf\":{\"@id\":\"https:\\\/\\\/membertel.com\\\/de\\\/#website\"},\"primaryImageOfPage\":{\"@id\":\"https:\\\/\\\/membertel.com\\\/de\\\/produkt\\\/telegram-mitglieder-kaufen\\\/#primaryimage\"},\"image\":{\"@id\":\"https:\\\/\\\/membertel.com\\\/de\\\/produkt\\\/telegram-mitglieder-kaufen\\\/#primaryimage\"},\"thumbnailUrl\":\"https:\\\/\\\/membertel.com\\\/de\\\/wp-content\\\/uploads\\\/2023\\\/12\\\/buytelegramchannelsubscribers.webp\",\"datePublished\":\"2023-12-18T13:35:13+00:00\",\"dateModified\":\"2026-04-20T00:40:22+00:00\",\"description\":\"In diesem Fall Lassen Sie uns \u00fcber den Telegram Falsche Mitglieder kaufen sprechen. Telegram unechte Mitglieder, Telegram Scheinmitglieder.\",\"breadcrumb\":{\"@id\":\"https:\\\/\\\/membertel.com\\\/de\\\/produkt\\\/telegram-mitglieder-kaufen\\\/#breadcrumb\"},\"inLanguage\":\"de\",\"potentialAction\":[{\"@type\":\"ReadAction\",\"target\":[\"https:\\\/\\\/membertel.com\\\/de\\\/produkt\\\/telegram-mitglieder-kaufen\\\/\"]}]},{\"@type\":\"ImageObject\",\"inLanguage\":\"de\",\"@id\":\"https:\\\/\\\/membertel.com\\\/de\\\/produkt\\\/telegram-mitglieder-kaufen\\\/#primaryimage\",\"url\":\"https:\\\/\\\/membertel.com\\\/de\\\/wp-content\\\/uploads\\\/2023\\\/12\\\/buytelegramchannelsubscribers.webp\",\"contentUrl\":\"https:\\\/\\\/membertel.com\\\/de\\\/wp-content\\\/uploads\\\/2023\\\/12\\\/buytelegramchannelsubscribers.webp\",\"width\":701,\"height\":701,\"caption\":\"Telegram Mitglieder kaufen\"},{\"@type\":\"BreadcrumbList\",\"@id\":\"https:\\\/\\\/membertel.com\\\/de\\\/produkt\\\/telegram-mitglieder-kaufen\\\/#breadcrumb\",\"itemListElement\":[{\"@type\":\"ListItem\",\"position\":1,\"name\":\"Startseite\",\"item\":\"https:\\\/\\\/membertel.com\\\/de\\\/\"},{\"@type\":\"ListItem\",\"position\":2,\"name\":\"Shop\",\"item\":\"https:\\\/\\\/membertel.com\\\/de\\\/shop\\\/\"},{\"@type\":\"ListItem\",\"position\":3,\"name\":\"Telegram Mitglieder kaufen\"}]},{\"@type\":\"WebSite\",\"@id\":\"https:\\\/\\\/membertel.com\\\/de\\\/#website\",\"url\":\"https:\\\/\\\/membertel.com\\\/de\\\/\",\"name\":\"MemberTel\",\"description\":\"Social Media Marketing L\u00f6sungen\",\"publisher\":{\"@id\":\"https:\\\/\\\/membertel.com\\\/de\\\/#organization\"},\"alternateName\":\"Social Media Marketing L\u00f6sungen\",\"potentialAction\":[{\"@type\":\"SearchAction\",\"target\":{\"@type\":\"EntryPoint\",\"urlTemplate\":\"https:\\\/\\\/membertel.com\\\/de\\\/?s={search_term_string}\"},\"query-input\":{\"@type\":\"PropertyValueSpecification\",\"valueRequired\":true,\"valueName\":\"search_term_string\"}}],\"inLanguage\":\"de\"},{\"@type\":\"Organization\",\"@id\":\"https:\\\/\\\/membertel.com\\\/de\\\/#organization\",\"name\":\"MemberTel\",\"url\":\"https:\\\/\\\/membertel.com\\\/de\\\/\",\"logo\":{\"@type\":\"ImageObject\",\"inLanguage\":\"de\",\"@id\":\"https:\\\/\\\/membertel.com\\\/de\\\/#\\\/schema\\\/logo\\\/image\\\/\",\"url\":\"https:\\\/\\\/membertel.com\\\/de\\\/wp-content\\\/uploads\\\/2023\\\/12\\\/Group-of-2-Objectsffedd.png\",\"contentUrl\":\"https:\\\/\\\/membertel.com\\\/de\\\/wp-content\\\/uploads\\\/2023\\\/12\\\/Group-of-2-Objectsffedd.png\",\"width\":2478,\"height\":2479,\"caption\":\"MemberTel\"},\"image\":{\"@id\":\"https:\\\/\\\/membertel.com\\\/de\\\/#\\\/schema\\\/logo\\\/image\\\/\"},\"sameAs\":[\"https:\\\/\\\/www.facebook.com\\\/membertel\"]}]}<\/script>\n<!-- \/ Yoast SEO plugin. -->","yoast_head_json":{"title":"Telegram Mitglieder kaufen - MemberTel.com","description":"In diesem Fall Lassen Sie uns \u00fcber den Telegram Falsche Mitglieder kaufen sprechen. Telegram unechte Mitglieder, Telegram Scheinmitglieder.","robots":{"index":"index","follow":"follow","max-snippet":"max-snippet:-1","max-image-preview":"max-image-preview:large","max-video-preview":"max-video-preview:-1"},"canonical":"https:\/\/membertel.com\/de\/produkt\/telegram-mitglieder-kaufen\/","og_locale":"de_DE","og_type":"article","og_title":"Telegram Mitglieder kaufen - MemberTel.com","og_description":"In diesem Fall Lassen Sie uns \u00fcber den Telegram Falsche Mitglieder kaufen sprechen. Telegram unechte Mitglieder, Telegram Scheinmitglieder.","og_url":"https:\/\/membertel.com\/de\/produkt\/telegram-mitglieder-kaufen\/","og_site_name":"MemberTel","article_publisher":"https:\/\/www.facebook.com\/membertel","article_modified_time":"2026-04-20T00:40:22+00:00","og_image":[{"width":701,"height":701,"url":"https:\/\/membertel.com\/de\/wp-content\/uploads\/2023\/12\/buytelegramchannelsubscribers.webp","type":"image\/webp"}],"twitter_card":"summary_large_image","twitter_misc":{"Gesch\u00e4tzte Lesezeit":"5\u00a0Minuten"},"schema":{"@context":"https:\/\/schema.org","@graph":[{"@type":"WebPage","@id":"https:\/\/membertel.com\/de\/produkt\/telegram-mitglieder-kaufen\/","url":"https:\/\/membertel.com\/de\/produkt\/telegram-mitglieder-kaufen\/","name":"Telegram Mitglieder kaufen - MemberTel.com","isPartOf":{"@id":"https:\/\/membertel.com\/de\/#website"},"primaryImageOfPage":{"@id":"https:\/\/membertel.com\/de\/produkt\/telegram-mitglieder-kaufen\/#primaryimage"},"image":{"@id":"https:\/\/membertel.com\/de\/produkt\/telegram-mitglieder-kaufen\/#primaryimage"},"thumbnailUrl":"https:\/\/membertel.com\/de\/wp-content\/uploads\/2023\/12\/buytelegramchannelsubscribers.webp","datePublished":"2023-12-18T13:35:13+00:00","dateModified":"2026-04-20T00:40:22+00:00","description":"In diesem Fall Lassen Sie uns \u00fcber den Telegram Falsche Mitglieder kaufen sprechen. Telegram unechte Mitglieder, Telegram Scheinmitglieder.","breadcrumb":{"@id":"https:\/\/membertel.com\/de\/produkt\/telegram-mitglieder-kaufen\/#breadcrumb"},"inLanguage":"de","potentialAction":[{"@type":"ReadAction","target":["https:\/\/membertel.com\/de\/produkt\/telegram-mitglieder-kaufen\/"]}]},{"@type":"ImageObject","inLanguage":"de","@id":"https:\/\/membertel.com\/de\/produkt\/telegram-mitglieder-kaufen\/#primaryimage","url":"https:\/\/membertel.com\/de\/wp-content\/uploads\/2023\/12\/buytelegramchannelsubscribers.webp","contentUrl":"https:\/\/membertel.com\/de\/wp-content\/uploads\/2023\/12\/buytelegramchannelsubscribers.webp","width":701,"height":701,"caption":"Telegram Mitglieder kaufen"},{"@type":"BreadcrumbList","@id":"https:\/\/membertel.com\/de\/produkt\/telegram-mitglieder-kaufen\/#breadcrumb","itemListElement":[{"@type":"ListItem","position":1,"name":"Startseite","item":"https:\/\/membertel.com\/de\/"},{"@type":"ListItem","position":2,"name":"Shop","item":"https:\/\/membertel.com\/de\/shop\/"},{"@type":"ListItem","position":3,"name":"Telegram Mitglieder kaufen"}]},{"@type":"WebSite","@id":"https:\/\/membertel.com\/de\/#website","url":"https:\/\/membertel.com\/de\/","name":"MemberTel","description":"Social Media Marketing L\u00f6sungen","publisher":{"@id":"https:\/\/membertel.com\/de\/#organization"},"alternateName":"Social Media Marketing L\u00f6sungen","potentialAction":[{"@type":"SearchAction","target":{"@type":"EntryPoint","urlTemplate":"https:\/\/membertel.com\/de\/?s={search_term_string}"},"query-input":{"@type":"PropertyValueSpecification","valueRequired":true,"valueName":"search_term_string"}}],"inLanguage":"de"},{"@type":"Organization","@id":"https:\/\/membertel.com\/de\/#organization","name":"MemberTel","url":"https:\/\/membertel.com\/de\/","logo":{"@type":"ImageObject","inLanguage":"de","@id":"https:\/\/membertel.com\/de\/#\/schema\/logo\/image\/","url":"https:\/\/membertel.com\/de\/wp-content\/uploads\/2023\/12\/Group-of-2-Objectsffedd.png","contentUrl":"https:\/\/membertel.com\/de\/wp-content\/uploads\/2023\/12\/Group-of-2-Objectsffedd.png","width":2478,"height":2479,"caption":"MemberTel"},"image":{"@id":"https:\/\/membertel.com\/de\/#\/schema\/logo\/image\/"},"sameAs":["https:\/\/www.facebook.com\/membertel"]}]}},"_links":{"self":[{"href":"https:\/\/membertel.com\/de\/wp-json\/wp\/v2\/product\/28","targetHints":{"allow":["GET"]}}],"collection":[{"href":"https:\/\/membertel.com\/de\/wp-json\/wp\/v2\/product"}],"about":[{"href":"https:\/\/membertel.com\/de\/wp-json\/wp\/v2\/types\/product"}],"replies":[{"embeddable":true,"href":"https:\/\/membertel.com\/de\/wp-json\/wp\/v2\/comments?post=28"}],"wp:featuredmedia":[{"embeddable":true,"href":"https:\/\/membertel.com\/de\/wp-json\/wp\/v2\/media\/60"}],"wp:attachment":[{"href":"https:\/\/membertel.com\/de\/wp-json\/wp\/v2\/media?parent=28"}],"wp:term":[{"taxonomy":"product_brand","embeddable":true,"href":"https:\/\/membertel.com\/de\/wp-json\/wp\/v2\/product_brand?post=28"},{"taxonomy":"product_cat","embeddable":true,"href":"https:\/\/membertel.com\/de\/wp-json\/wp\/v2\/product_cat?post=28"},{"taxonomy":"product_tag","embeddable":true,"href":"https:\/\/membertel.com\/de\/wp-json\/wp\/v2\/product_tag?post=28"}],"curies":[{"name":"wp","href":"https:\/\/api.w.org\/{rel}","templated":true}]}}